{"id":3414,"date":"2018-05-25T08:42:02","date_gmt":"2018-05-25T08:42:02","guid":{"rendered":"http:\/\/creafer.es\/avisolegal\/?lang=en"},"modified":"2020-11-24T19:32:05","modified_gmt":"2020-11-24T19:32:05","slug":"avisolegal","status":"publish","type":"page","link":"https:\/\/creafer.es\/en\/avisolegal\/","title":{"rendered":"Aviso Legal"},"content":{"rendered":"<p>[vc_row css_animation=&#8221;&#8221; row_type=&#8221;row&#8221; use_row_as_full_screen_section=&#8221;no&#8221; type=&#8221;full_width&#8221; angled_section=&#8221;no&#8221; text_align=&#8221;left&#8221; background_image_as_pattern=&#8221;without_pattern&#8221;][vc_column][vc_column_text]<\/p>\n<p style=\"text-align: justify;\">En cumplimiento del art\u00edculo 10 de la Ley 34\/2002, de 11 de julio, de Servicios de la Sociedad de la Informaci\u00f3n y Comercio Electr\u00f3nico (LSSICE) a continuaci\u00f3n se detallan los datos identificativos de la empresa:<\/p>\n<p>[\/vc_column_text][vc_empty_space][vc_column_text]<strong>Nombre empresa:<\/strong> JOSE SANTIAGO FRUCTUOSO FERN\u00c1NDEZ<br \/>\n<strong>Raz\u00f3n social:<\/strong> JOSE SANTIAGO FRUCTUOSO FERN\u00c1NDEZ<br \/>\n<strong>NIF:<\/strong> 23023569V<br \/>\n<strong>Direcci\u00f3n:<\/strong> Avda. Marqu\u00e9s de Rozalejo, 26 &#8211; 30739 &#8211; Dolores de Pacheco &#8211; MURCIA<br \/>\nTel\u00e9fono: 968173246<br \/>\nEmail: santi@creafer.es[\/vc_column_text][vc_empty_space][vc_column_text]<strong>FINALIDAD DE LA P\u00c1GINA WEB.<\/strong><\/p>\n<p>El presente aviso legal (en adelante, el &#8220;Aviso Legal&#8221;) regula el uso del sitio web: http:\/\/creafer.es\/[\/vc_column_text][vc_empty_space][vc_column_text]<strong>LEGISLACI\u00d3N.<\/strong><\/p>\n<p>Con car\u00e1cter general las relaciones entre JOSE SANTIAGO FRUCTUOSO FERN\u00c1NDEZ con los Usuarios de sus servicios telem\u00e1ticos, presentes en este sitio web, se encuentran sometidas a la legislaci\u00f3n y jurisdicci\u00f3n espa\u00f1olas.[\/vc_column_text][vc_empty_space][vc_column_text]<strong>USO Y ACCESO DE USUARIOS.<\/strong><\/p>\n<p>El Usuario queda informado, y acepta, que el acceso a la presente web no supone, en modo alguno, el inicio de una relaci\u00f3n comercial con JOSE SANTIAGO FRUCTUOSO FERN\u00c1NDEZ o cualquiera de sus delegaciones.[\/vc_column_text][vc_empty_space][vc_column_text]<strong>PROPIEDAD INTELECTUAL E INDUSTRIAL.<\/strong><\/p>\n<p>Los derechos de propiedad intelectual del contenido de las p\u00e1ginas web, su dise\u00f1o gr\u00e1fico y\u00a0c\u00f3digos son titularidad de JOSE SANTIAGO FRUCTUOSO FERN\u00c1NDEZ y, por tanto, queda prohibida su reproducci\u00f3n, distribuci\u00f3n, comunicaci\u00f3n p\u00fablica, transformaci\u00f3n o cualquier otra actividad que se pueda realizar con los contenidos de sus p\u00e1ginas web ni aun citando las fuentes,<br \/>\nsalvo consentimiento por escrito de JOSE SANTIAGO FRUCTUOSO FERN\u00c1NDEZ.[\/vc_column_text][vc_empty_space][vc_column_text]<strong>CONTENIDO DE LA WEB Y ENLACES (LINKS).<\/strong><\/p>\n<p>JOSE SANTIAGO FRUCTUOSO FERN\u00c1NDEZ se reserva el derecho a actualizar, modificar o eliminar la informaci\u00f3n contenida en sus p\u00e1ginas web pudiendo incluso limitar o no permitir el acceso a dicha informaci\u00f3n a ciertos usuarios.<\/p>\n<p>JOSE SANTIAGO FRUCTUOSO FERN\u00c1NDEZ no asume responsabilidad alguna por la informaci\u00f3n contenida en p\u00e1ginas web de terceros a las que se pueda acceder por &#8220;links&#8221; o enlaces desde cualquier p\u00e1gina web propiedad de JOSE SANTIAGO FRUCTUOSO FERN\u00c1NDEZ. La presencia de &#8220;links&#8221; o enlaces en las p\u00e1ginas web de JOSE SANTIAGO FRUCTUOSO FERN\u00c1NDEZ tiene finalidad meramente informativa y en ning\u00fan caso supone sugerencia, invitaci\u00f3n o recomendaci\u00f3n sobre los mismos.[\/vc_column_text][vc_empty_space][\/vc_column][\/vc_row]<\/p>\n","protected":false},"excerpt":{"rendered":"<p>[vc_row css_animation=&#8221;&#8221; row_type=&#8221;row&#8221; use_row_as_full_screen_section=&#8221;no&#8221; type=&#8221;full_width&#8221; angled_section=&#8221;no&#8221; text_align=&#8221;left&#8221; background_image_as_pattern=&#8221;without_pattern&#8221;][vc_column][vc_column_text] En cumplimiento del art\u00edculo 10 de la Ley 34\/2002, de 11 de julio, de Servicios de la Sociedad de la Informaci\u00f3n y Comercio Electr\u00f3nico (LSSICE) a continuaci\u00f3n se detallan los datos identificativos de la empresa: [\/vc_column_text][vc_empty_space][vc_column_text]Nombre empresa:&#8230;<\/p>\n","protected":false},"author":1,"featured_media":0,"parent":0,"menu_order":0,"comment_status":"closed","ping_status":"closed","template":"","meta":{"footnotes":""},"class_list":["post-3414","page","type-page","status-publish","hentry"],"_links":{"self":[{"href":"https:\/\/creafer.es\/en\/wp-json\/wp\/v2\/pages\/3414","targetHints":{"allow":["GET"]}}],"collection":[{"href":"https:\/\/creafer.es\/en\/wp-json\/wp\/v2\/pages"}],"about":[{"href":"https:\/\/creafer.es\/en\/wp-json\/wp\/v2\/types\/page"}],"author":[{"embeddable":true,"href":"https:\/\/creafer.es\/en\/wp-json\/wp\/v2\/users\/1"}],"replies":[{"embeddable":true,"href":"https:\/\/creafer.es\/en\/wp-json\/wp\/v2\/comments?post=3414"}],"version-history":[{"count":5,"href":"https:\/\/creafer.es\/en\/wp-json\/wp\/v2\/pages\/3414\/revisions"}],"predecessor-version":[{"id":4498,"href":"https:\/\/creafer.es\/en\/wp-json\/wp\/v2\/pages\/3414\/revisions\/4498"}],"wp:attachment":[{"href":"https:\/\/creafer.es\/en\/wp-json\/wp\/v2\/media?parent=3414"}],"curies":[{"name":"wp","href":"https:\/\/api.w.org\/{rel}","templated":true}]}}