{"id":3512,"date":"2017-01-13T10:28:45","date_gmt":"2017-01-13T10:28:45","guid":{"rendered":"http:\/\/creafer.es\/politica-de-privacidad\/?lang=en"},"modified":"2020-10-06T06:27:39","modified_gmt":"2020-10-06T06:27:39","slug":"politica-de-privacidad","status":"publish","type":"page","link":"https:\/\/creafer.es\/en\/politica-de-privacidad\/","title":{"rendered":"Pol\u00edtica de Privacidad"},"content":{"rendered":"<h2 style=\"text-align: center;\">POL\u00cdTICA DE PRIVACIDAD Y PROTECCI\u00d3N DE DATOS<\/h2>\n<p>Identidad del Responsable del Tratamiento: FERRETER\u00cdA CREAFER<br \/>\nCIF: 23023569V<br \/>\nDir. Postal: Avda. Marqu\u00e9s de Rozalejo, 26 &#8211; 30739 &#8211; Dolores de Pacheco &#8211; MURCIA<br \/>\nTel\u00e9fono: 968173246<br \/>\nE-Mail: santi@creafer.es<\/p>\n<p><strong>FINALIDAD<\/strong><br \/>\nDescripci\u00f3n ampliada de la finalidad\/es del tratamiento: La finalidad de esta p\u00e1gina web es de informar sobre los productos y servicios.<\/p>\n<p><strong>CONSERVACI\u00d3N<\/strong><br \/>\nPlazos o criterios de conservaci\u00f3n de los datos: Los datos personales proporcionados se conservar\u00e1n, mientras se mantenga la relaci\u00f3n mercantil, no se solicite su supresi\u00f3n por el interesado, o durante 1 a\u00f1o a partir de la \u00faltima confirmaci\u00f3n de inter\u00e9s.<\/p>\n<p><strong>DECISIONES<\/strong><br \/>\nDecisiones automatizadas, perfiles y l\u00f3gica aplicada: La empresa NO tomar\u00e1 decisiones automatizadas.<\/p>\n<p><strong>CONSENTIMIENTO<\/strong><br \/>\nLa finalidad y uso previsto tanto de los datos en s\u00ed mismos como de su tratamiento, es prestarle el servicio solicitado. A continuaci\u00f3n, podr\u00e1 aceptar las finalidades que crea convenientes marcando su casilla correspondiente y clicando en el bot\u00f3n ACEPTAR, tenga en cuenta que algunas finalidades pueden ser necesarias para poderle prestar el servicio, en el caso de NO marcar dichas casillas, no se podr\u00e1 prestar\/entregar el servicio\/producto asociado.<\/p>\n<p><strong>LEGITIMACI\u00d3N<\/strong><br \/>\nLegitimaci\u00f3n por consentimiento del interesado:<br \/>\nLa empresa solicitar\u00e1 el consentimiento del interesado antes de la recogida de datos, para ello utiliza un formulario electr\u00f3nico situado en la web, donde se informa sobre el tratamiento de sus datos y no es posible continuar con el proceso a menos que el interesado clique y acepte dicho tratamiento.<\/p>\n<p><strong>DESTINATARIOS<\/strong><br \/>\nDurante el periodo de duraci\u00f3n del tratamiento, JOSE SANTIAGO FRUCTUOSO FERN\u00c1NDEZ no realizar\u00e1 ninguna cesi\u00f3n, salvo obligaci\u00f3n legal, ni tampoco transferencia alguna.<\/p>\n<p><strong>DERECHOS<\/strong><br \/>\nEl interesado puede ejercer los siguientes derechos: Derecho a solicitar el acceso a sus datos personales. Derecho a solicitar su rectificaci\u00f3n o supresi\u00f3n. Derecho a solicitar la limitaci\u00f3n de su tratamiento. Derecho a oponerse al tratamiento. Derecho a la portabilidad de los datos. Derecho a retirar el consentimiento prestado. Para ello podr\u00e1 emplear los formularios habilitados por la empresa, o bien dirigir un escrito a JOSE SANTIAGO FRUCTUOSO FERN\u00c1NDEZ &#8211; Avda. Marqu\u00e9s de Rozalejo, 26 &#8211; 30739 &#8211; Dolores de Pacheco &#8211; MURCIA, tambi\u00e9n puede enviar un email a: santi@creafer.es Adem\u00e1s, el interesado puede dirigirse a la Autoridad de Control en materia de Protecci\u00f3n de Datos competente para obtener informaci\u00f3n adicional o presentar una reclamaci\u00f3n.<\/p>\n","protected":false},"excerpt":{"rendered":"<p>POL\u00cdTICA DE PRIVACIDAD Y PROTECCI\u00d3N DE DATOS Identidad del Responsable del Tratamiento: FERRETER\u00cdA CREAFER CIF: 23023569V Dir. Postal: Avda. Marqu\u00e9s de Rozalejo, 26 &#8211; 30739 &#8211; Dolores de Pacheco &#8211; MURCIA Tel\u00e9fono: 968173246 E-Mail: santi@creafer.es FINALIDAD Descripci\u00f3n ampliada de la finalidad\/es del tratamiento: La finalidad&#8230;<\/p>\n","protected":false},"author":1,"featured_media":0,"parent":0,"menu_order":0,"comment_status":"closed","ping_status":"closed","template":"","meta":{"footnotes":""},"class_list":["post-3512","page","type-page","status-publish","hentry"],"_links":{"self":[{"href":"https:\/\/creafer.es\/en\/wp-json\/wp\/v2\/pages\/3512","targetHints":{"allow":["GET"]}}],"collection":[{"href":"https:\/\/creafer.es\/en\/wp-json\/wp\/v2\/pages"}],"about":[{"href":"https:\/\/creafer.es\/en\/wp-json\/wp\/v2\/types\/page"}],"author":[{"embeddable":true,"href":"https:\/\/creafer.es\/en\/wp-json\/wp\/v2\/users\/1"}],"replies":[{"embeddable":true,"href":"https:\/\/creafer.es\/en\/wp-json\/wp\/v2\/comments?post=3512"}],"version-history":[{"count":0,"href":"https:\/\/creafer.es\/en\/wp-json\/wp\/v2\/pages\/3512\/revisions"}],"wp:attachment":[{"href":"https:\/\/creafer.es\/en\/wp-json\/wp\/v2\/media?parent=3512"}],"curies":[{"name":"wp","href":"https:\/\/api.w.org\/{rel}","templated":true}]}}